{"id":25,"date":"2025-03-01T16:55:47","date_gmt":"2025-03-01T15:55:47","guid":{"rendered":"https:\/\/acsens-rse.fr\/?page_id=25"},"modified":"2025-03-01T20:35:12","modified_gmt":"2025-03-01T19:35:12","slug":"conseil","status":"publish","type":"page","link":"https:\/\/acsens-rse.fr\/index.php\/conseil\/","title":{"rendered":"Conseil"},"content":{"rendered":"\n<p>R\u00e9v\u00e9ler le potentiel RSE de votre entreprise<\/p>\n\n\n\n<p>Ensemble, nous pourrons :<\/p>\n\n\n\n<ul class=\"wp-block-list\">\n<li>D\u00e9finir une strat\u00e9gie RSE sur mesure, align\u00e9e avec vos valeurs et vos objectifs.<\/li>\n\n\n\n<li>Mettre en place des actions concr\u00e8tes pour r\u00e9duire votre impact environnemental et social.<\/li>\n\n\n\n<li>Valoriser vos engagements aupr\u00e8s de vos clients, partenaires et collaborateurs.<\/li>\n\n\n\n<li>Obtenir les labels et certifications qui attestent de votre performance RSE.<\/li>\n\n\n\n<li>Sensibiliser et mobiliser vos \u00e9quipes autour des enjeux du d\u00e9veloppement durable.<\/li>\n<\/ul>\n\n\n\n<p><\/p>\n","protected":false},"excerpt":{"rendered":"<p>R\u00e9v\u00e9ler le potentiel RSE de votre entreprise Ensemble, nous pourrons :<\/p>\n","protected":false},"author":1,"featured_media":0,"parent":0,"menu_order":0,"comment_status":"closed","ping_status":"closed","template":"","meta":{"footnotes":""},"class_list":["post-25","page","type-page","status-publish","hentry"],"_links":{"self":[{"href":"https:\/\/acsens-rse.fr\/index.php\/wp-json\/wp\/v2\/pages\/25","targetHints":{"allow":["GET"]}}],"collection":[{"href":"https:\/\/acsens-rse.fr\/index.php\/wp-json\/wp\/v2\/pages"}],"about":[{"href":"https:\/\/acsens-rse.fr\/index.php\/wp-json\/wp\/v2\/types\/page"}],"author":[{"embeddable":true,"href":"https:\/\/acsens-rse.fr\/index.php\/wp-json\/wp\/v2\/users\/1"}],"replies":[{"embeddable":true,"href":"https:\/\/acsens-rse.fr\/index.php\/wp-json\/wp\/v2\/comments?post=25"}],"version-history":[{"count":4,"href":"https:\/\/acsens-rse.fr\/index.php\/wp-json\/wp\/v2\/pages\/25\/revisions"}],"predecessor-version":[{"id":140,"href":"https:\/\/acsens-rse.fr\/index.php\/wp-json\/wp\/v2\/pages\/25\/revisions\/140"}],"wp:attachment":[{"href":"https:\/\/acsens-rse.fr\/index.php\/wp-json\/wp\/v2\/media?parent=25"}],"curies":[{"name":"wp","href":"https:\/\/api.w.org\/{rel}","templated":true}]}}