{"id":27,"date":"2025-03-01T16:57:01","date_gmt":"2025-03-01T15:57:01","guid":{"rendered":"https:\/\/acsens-rse.fr\/?page_id=27"},"modified":"2025-03-01T19:33:25","modified_gmt":"2025-03-01T18:33:25","slug":"ateliers-de-sensibilisation","status":"publish","type":"page","link":"https:\/\/acsens-rse.fr\/index.php\/ateliers-de-sensibilisation\/","title":{"rendered":"Ateliers de sensibilisation"},"content":{"rendered":"\n<p>Convaincu que prise de conscience et action sont des leviers n\u00e9cessaires pour se mobiliser, s\u2019engager et se transformer,\u00a0 Acsens est un facilitateur reconnu dans le cadre d\u2019ateliers de sensibilisation aupr\u00e8s de tout public (en entreprises, dans les \u00e9tablissements scolaires, dans des lieux d\u00e9di\u00e9s \u00e0 la transition \u00e9cologique).<\/p>\n","protected":false},"excerpt":{"rendered":"<p>Convaincu que prise de conscience et action sont des leviers n\u00e9cessaires pour se mobiliser, s\u2019engager et se transformer,\u00a0 Acsens est un facilitateur reconnu dans le cadre d\u2019ateliers de sensibilisation aupr\u00e8s de tout public (en entreprises, dans les \u00e9tablissements scolaires, dans des lieux d\u00e9di\u00e9s \u00e0 la transition \u00e9cologique).<\/p>\n","protected":false},"author":1,"featured_media":0,"parent":0,"menu_order":0,"comment_status":"closed","ping_status":"closed","template":"","meta":{"footnotes":""},"class_list":["post-27","page","type-page","status-publish","hentry"],"_links":{"self":[{"href":"https:\/\/acsens-rse.fr\/index.php\/wp-json\/wp\/v2\/pages\/27","targetHints":{"allow":["GET"]}}],"collection":[{"href":"https:\/\/acsens-rse.fr\/index.php\/wp-json\/wp\/v2\/pages"}],"about":[{"href":"https:\/\/acsens-rse.fr\/index.php\/wp-json\/wp\/v2\/types\/page"}],"author":[{"embeddable":true,"href":"https:\/\/acsens-rse.fr\/index.php\/wp-json\/wp\/v2\/users\/1"}],"replies":[{"embeddable":true,"href":"https:\/\/acsens-rse.fr\/index.php\/wp-json\/wp\/v2\/comments?post=27"}],"version-history":[{"count":3,"href":"https:\/\/acsens-rse.fr\/index.php\/wp-json\/wp\/v2\/pages\/27\/revisions"}],"predecessor-version":[{"id":112,"href":"https:\/\/acsens-rse.fr\/index.php\/wp-json\/wp\/v2\/pages\/27\/revisions\/112"}],"wp:attachment":[{"href":"https:\/\/acsens-rse.fr\/index.php\/wp-json\/wp\/v2\/media?parent=27"}],"curies":[{"name":"wp","href":"https:\/\/api.w.org\/{rel}","templated":true}]}}