{"id":52,"date":"2025-03-01T17:36:03","date_gmt":"2025-03-01T16:36:03","guid":{"rendered":"https:\/\/acsens-rse.fr\/?page_id=52"},"modified":"2025-03-01T19:46:09","modified_gmt":"2025-03-01T18:46:09","slug":"learning-expeditions","status":"publish","type":"page","link":"https:\/\/acsens-rse.fr\/index.php\/learning-expeditions\/","title":{"rendered":"Learning expeditions"},"content":{"rendered":"\n<p><strong>Learning Expeditions RSE : S&#8217;inspirer et Acc\u00e9l\u00e9rer sa Transition Durable<\/strong><\/p>\n\n\n\n<p><strong>Qu&#8217;est-ce qu&#8217;une Learning Expedition RSE ?<\/strong><\/p>\n\n\n\n<p>Une learning expedition RSE est une immersion dans des entreprises ou organisations pionni\u00e8res en mati\u00e8re de d\u00e9veloppement durable. Il s&#8217;agit d&#8217;un voyage d&#8217;apprentissage con\u00e7u pour d\u00e9couvrir des pratiques innovantes, \u00e9changer avec des experts et s&#8217;enrichir de mod\u00e8les inspirants.<\/p>\n\n\n\n<p><strong>Comment se d\u00e9roule une Learning Expedition ?<\/strong><\/p>\n\n\n\n<ul class=\"wp-block-list\">\n<li><strong>Pr\u00e9paration :<\/strong> D\u00e9finition des objectifs, s\u00e9lection des entreprises \u00e0 visiter, \u00e9laboration du programme.<\/li>\n\n\n\n<li><strong>Immersion :<\/strong> Visites d&#8217;entreprises, rencontres avec des experts, ateliers th\u00e9matiques.<\/li>\n\n\n\n<li><strong>Partage et r\u00e9flexion :<\/strong> \u00c9changes entre les participants, analyse des enseignements tir\u00e9s, identification des pistes d&#8217;action.<\/li>\n\n\n\n<li><strong>Suivi :<\/strong> Accompagnement dans la mise en \u0153uvre des actions identifi\u00e9es.<\/li>\n<\/ul>\n\n\n\n<p><strong>L&#8217;int\u00e9r\u00eat des Learning Expeditions RSE pour les PME<\/strong><\/p>\n\n\n\n<p>Pour les PME, les learning expeditions RSE offrent de nombreux avantages :<\/p>\n\n\n\n<ul class=\"wp-block-list\">\n<li><strong>Inspiration et innovation :<\/strong> D\u00e9couvrir des pratiques innovantes et des mod\u00e8les inspirants pour acc\u00e9l\u00e9rer sa transition durable.<\/li>\n\n\n\n<li><strong>Benchmarking :<\/strong> Comparer ses pratiques avec celles d&#8217;entreprises performantes en mati\u00e8re de RSE.<\/li>\n\n\n\n<li><strong>R\u00e9seautage :<\/strong> \u00c9changer avec des experts et d&#8217;autres entreprises engag\u00e9es.<\/li>\n\n\n\n<li><strong>Mont\u00e9e en comp\u00e9tences :<\/strong> Acqu\u00e9rir de nouvelles connaissances et comp\u00e9tences en mati\u00e8re de RSE.<\/li>\n\n\n\n<li><strong>Motivation des \u00e9quipes :<\/strong> Impliquer les collaborateurs dans une d\u00e9marche de progr\u00e8s et renforcer leur engagement.<\/li>\n\n\n\n<li><strong>Acc\u00e9l\u00e9ration de la mise en place d&#8217;actions:<\/strong> Voir des exemples concrets permet de comprendre les enjeux et d&#8217;adapter ces exemples \u00e0 sa propre entreprise.<\/li>\n<\/ul>\n\n\n\n<p><strong>Pourquoi se faire accompagner ?<\/strong><\/p>\n\n\n\n<p>Un consultant RSE peut :<\/p>\n\n\n\n<ul class=\"wp-block-list\">\n<li>Organiser et animer la learning expedition.<\/li>\n\n\n\n<li>S\u00e9lectionner les entreprises et organisations les plus pertinentes.<\/li>\n\n\n\n<li>Faciliter les \u00e9changes et les apprentissages.<\/li>\n\n\n\n<li>Aider les participants \u00e0 traduire les enseignements en actions concr\u00e8tes.<\/li>\n\n\n\n<li>Accompagner la pme dans la mise en place des actions identifi\u00e9es.<\/li>\n<\/ul>\n\n\n\n<p>Les learning expeditions RSE sont un outil puissant pour acc\u00e9l\u00e9rer la transition durable des PME. Elles permettent de s&#8217;inspirer des meilleures pratiques, d&#8217;\u00e9changer avec des experts et de renforcer l&#8217;engagement des \u00e9quipes.<\/p>\n","protected":false},"excerpt":{"rendered":"<p>Learning Expeditions RSE : S&#8217;inspirer et Acc\u00e9l\u00e9rer sa Transition Durable Qu&#8217;est-ce qu&#8217;une Learning Expedition RSE ? Une learning expedition RSE est une immersion dans des entreprises ou organisations pionni\u00e8res en mati\u00e8re de d\u00e9veloppement durable. Il s&#8217;agit d&#8217;un voyage d&#8217;apprentissage con\u00e7u pour d\u00e9couvrir des pratiques innovantes, \u00e9changer avec des experts et s&#8217;enrichir de mod\u00e8les inspirants. Comment &hellip; <\/p>\n<p class=\"link-more\"><a href=\"https:\/\/acsens-rse.fr\/index.php\/learning-expeditions\/\" class=\"more-link\">Read more<span class=\"screen-reader-text\"> &#8220;Learning expeditions&#8221;<\/span><\/a><\/p>\n","protected":false},"author":1,"featured_media":0,"parent":0,"menu_order":0,"comment_status":"closed","ping_status":"closed","template":"","meta":{"footnotes":""},"class_list":["post-52","page","type-page","status-publish","hentry"],"_links":{"self":[{"href":"https:\/\/acsens-rse.fr\/index.php\/wp-json\/wp\/v2\/pages\/52","targetHints":{"allow":["GET"]}}],"collection":[{"href":"https:\/\/acsens-rse.fr\/index.php\/wp-json\/wp\/v2\/pages"}],"about":[{"href":"https:\/\/acsens-rse.fr\/index.php\/wp-json\/wp\/v2\/types\/page"}],"author":[{"embeddable":true,"href":"https:\/\/acsens-rse.fr\/index.php\/wp-json\/wp\/v2\/users\/1"}],"replies":[{"embeddable":true,"href":"https:\/\/acsens-rse.fr\/index.php\/wp-json\/wp\/v2\/comments?post=52"}],"version-history":[{"count":3,"href":"https:\/\/acsens-rse.fr\/index.php\/wp-json\/wp\/v2\/pages\/52\/revisions"}],"predecessor-version":[{"id":118,"href":"https:\/\/acsens-rse.fr\/index.php\/wp-json\/wp\/v2\/pages\/52\/revisions\/118"}],"wp:attachment":[{"href":"https:\/\/acsens-rse.fr\/index.php\/wp-json\/wp\/v2\/media?parent=52"}],"curies":[{"name":"wp","href":"https:\/\/api.w.org\/{rel}","templated":true}]}}