{"id":60,"date":"2025-03-01T17:53:45","date_gmt":"2025-03-01T16:53:45","guid":{"rendered":"https:\/\/acsens-rse.fr\/?page_id=60"},"modified":"2025-03-01T20:34:46","modified_gmt":"2025-03-01T19:34:46","slug":"contacts","status":"publish","type":"page","link":"https:\/\/acsens-rse.fr\/index.php\/contacts\/","title":{"rendered":"Contacts"},"content":{"rendered":"\n<p><strong>Contactez-moi !<\/strong><\/p>\n\n\n\n<p>Vous souhaitez engager votre entreprise dans une d\u00e9marche RSE authentique et performante ? Vous \u00eates convaincu que le d\u00e9veloppement durable est un levier de croissance et d&#8217;innovation ? Alors, n&#8217;h\u00e9sitez plus et contactez-moi !<\/p>\n\n\n\n<p>Je suis passionn\u00e9e par la RSE et je mets mon expertise et mon \u00e9nergie au service des PME qui souhaitent construire un avenir plus durable.<\/p>\n\n\n\n<p><strong>Mes coordonn\u00e9es :<\/strong><\/p>\n\n\n\n<p>St\u00e9phanie P\u00e9lissier Blanchard : <\/p>\n\n\n\n<figure class=\"wp-block-image size-full is-resized\"><img loading=\"lazy\" decoding=\"async\" width=\"835\" height=\"101\" src=\"http:\/\/acsens-rse.fr\/wp-content\/uploads\/2025\/03\/email-stephanie.png\" alt=\"\" class=\"wp-image-124\" style=\"width:245px;height:auto\" srcset=\"https:\/\/acsens-rse.fr\/wp-content\/uploads\/2025\/03\/email-stephanie.png 835w, https:\/\/acsens-rse.fr\/wp-content\/uploads\/2025\/03\/email-stephanie-300x36.png 300w\" sizes=\"auto, (max-width: 835px) 100vw, 835px\" \/><\/figure>\n\n\n\n<p>N&#8217;attendez plus pour me contacter et d\u00e9couvrir comment la RSE peut transformer votre entreprise !<\/p>\n\n\n\n<p><strong>Ensemble, construisons un avenir durable !<\/strong><\/p>\n\n\n\n<p><\/p>\n","protected":false},"excerpt":{"rendered":"<p>Contactez-moi ! Vous souhaitez engager votre entreprise dans une d\u00e9marche RSE authentique et performante ? Vous \u00eates convaincu que le d\u00e9veloppement durable est un levier de croissance et d&#8217;innovation ? Alors, n&#8217;h\u00e9sitez plus et contactez-moi ! Je suis passionn\u00e9e par la RSE et je mets mon expertise et mon \u00e9nergie au service des PME qui &hellip; <\/p>\n<p class=\"link-more\"><a href=\"https:\/\/acsens-rse.fr\/index.php\/contacts\/\" class=\"more-link\">Read more<span class=\"screen-reader-text\"> &#8220;Contacts&#8221;<\/span><\/a><\/p>\n","protected":false},"author":1,"featured_media":0,"parent":0,"menu_order":0,"comment_status":"closed","ping_status":"closed","template":"","meta":{"footnotes":""},"class_list":["post-60","page","type-page","status-publish","hentry"],"_links":{"self":[{"href":"https:\/\/acsens-rse.fr\/index.php\/wp-json\/wp\/v2\/pages\/60","targetHints":{"allow":["GET"]}}],"collection":[{"href":"https:\/\/acsens-rse.fr\/index.php\/wp-json\/wp\/v2\/pages"}],"about":[{"href":"https:\/\/acsens-rse.fr\/index.php\/wp-json\/wp\/v2\/types\/page"}],"author":[{"embeddable":true,"href":"https:\/\/acsens-rse.fr\/index.php\/wp-json\/wp\/v2\/users\/1"}],"replies":[{"embeddable":true,"href":"https:\/\/acsens-rse.fr\/index.php\/wp-json\/wp\/v2\/comments?post=60"}],"version-history":[{"count":6,"href":"https:\/\/acsens-rse.fr\/index.php\/wp-json\/wp\/v2\/pages\/60\/revisions"}],"predecessor-version":[{"id":149,"href":"https:\/\/acsens-rse.fr\/index.php\/wp-json\/wp\/v2\/pages\/60\/revisions\/149"}],"wp:attachment":[{"href":"https:\/\/acsens-rse.fr\/index.php\/wp-json\/wp\/v2\/media?parent=60"}],"curies":[{"name":"wp","href":"https:\/\/api.w.org\/{rel}","templated":true}]}}