{"id":77,"date":"2025-03-01T18:15:03","date_gmt":"2025-03-01T17:15:03","guid":{"rendered":"https:\/\/acsens-rse.fr\/?page_id=77"},"modified":"2025-03-01T20:41:23","modified_gmt":"2025-03-01T19:41:23","slug":"fresque-du-climat","status":"publish","type":"page","link":"https:\/\/acsens-rse.fr\/index.php\/fresque-du-climat\/","title":{"rendered":"Fresque du climat"},"content":{"rendered":"\n<p><strong>La Fresque du Climat : Comprendre et Agir pour un Avenir Durable<\/strong><\/p>\n\n\n\n<p><strong>Qu&#8217;est-ce que la Fresque du Climat ?<\/strong><\/p>\n\n\n\n<p>La Fresque du Climat est un atelier ludique et collaboratif qui permet de mieux comprendre les enjeux du changement climatique. Bas\u00e9 sur les rapports du GIEC (Groupe d&#8217;experts intergouvernemental sur l&#8217;\u00e9volution du climat), il utilise un jeu de cartes pour reconstituer les liens de cause \u00e0 effet du d\u00e9r\u00e8glement climatique. En quelques heures, les participants acqui\u00e8rent une vision globale et scientifique du probl\u00e8me, et explorent les solutions possibles.<\/p>\n\n\n\n<p><strong>Comment se d\u00e9roule un atelier ?<\/strong><\/p>\n\n\n\n<ul class=\"wp-block-list\">\n<li><strong>D\u00e9couverte :<\/strong> Les participants d\u00e9couvrent les cartes et les classent par liens de cause \u00e0 effet.<\/li>\n\n\n\n<li><strong>Cr\u00e9ativit\u00e9 :<\/strong> Ils illustrent la fresque pour la rendre plus visuelle et m\u00e9morable.<\/li>\n\n\n\n<li><strong>Synth\u00e8se :<\/strong> Ils \u00e9changent sur les enseignements tir\u00e9s de l&#8217;atelier et explorent les pistes d&#8217;action.<\/li>\n\n\n\n<li><strong>Actions :<\/strong> Ils r\u00e9fl\u00e9chissent aux actions individuelles et collectives \u00e0 mettre en \u0153uvre.<\/li>\n<\/ul>\n\n\n\n<p>Un atelier se programme g\u00e9n\u00e9ralement sur une demi-journ\u00e9e en pr\u00e9sentiel avec un groupe de 6 \u00e0 10 salari\u00e9s de tous horizons. Il ne n\u00e9cessite pas de pr\u00e9paration particuli\u00e8re, mais requiert ponctualit\u00e9, \u00e9coute et implication pour que chacun en tire le plus grand b\u00e9n\u00e9fice. <\/p>\n\n\n\n<p><strong>L&#8217;int\u00e9r\u00eat de la Fresque du Climat pour les PME<\/strong><\/p>\n\n\n\n<p>Pour les PME, la Fresque du Climat pr\u00e9sente de nombreux avantages :<\/p>\n\n\n\n<ul class=\"wp-block-list\">\n<li><strong>Sensibilisation et mobilisation :<\/strong> Elle permet de sensibiliser les collaborateurs aux enjeux climatiques et de les mobiliser autour d&#8217;une d\u00e9marche RSE.<\/li>\n\n\n\n<li><strong>Coh\u00e9sion d&#8217;\u00e9quipe :<\/strong> L&#8217;atelier favorise l&#8217;\u00e9change et la collaboration, renfor\u00e7ant ainsi la coh\u00e9sion d&#8217;\u00e9quipe.<\/li>\n\n\n\n<li><strong>Identification des leviers d&#8217;action :<\/strong> Elle aide \u00e0 identifier les actions concr\u00e8tes que la PME peut mettre en \u0153uvre pour r\u00e9duire son impact environnemental.<\/li>\n\n\n\n<li><strong>Valorisation de l&#8217;engagement :<\/strong> Participer \u00e0 la Fresque du Climat d\u00e9montre l&#8217;engagement de la PME en faveur du d\u00e9veloppement durable, ce qui peut renforcer son image de marque et sa relation avec ses clients et partenaires.<\/li>\n\n\n\n<li><strong>R\u00e9duction de l&#8217;empreinte carbone :<\/strong> En comprenant mieux les m\u00e9canismes du changement climatique, les PME sont plus \u00e0 m\u00eame d&#8217;adopter des pratiques \u00e9coresponsables et de r\u00e9duire leur empreinte carbone.<\/li>\n\n\n\n<li><strong>Anticipation des r\u00e9glementations :<\/strong> La Fresque du Climat permet aux PME de se familiariser avec les enjeux climatiques et d&#8217;anticiper les \u00e9volutions r\u00e9glementaires.<\/li>\n<\/ul>\n\n\n\n<p><strong>Pourquoi se faire accompagner ?<\/strong><\/p>\n\n\n\n<p>Un consultant RSE peut animer l&#8217;atelier, faciliter les \u00e9changes et aider la PME \u00e0 traduire les enseignements de la Fresque du Climat en actions concr\u00e8tes. Il peut \u00e9galement l&#8217;accompagner dans la mise en place d&#8217;une d\u00e9marche RSE globale et coh\u00e9rente.<\/p>\n\n\n\n<p>La Fresque du Climat est un outil puissant pour sensibiliser, mobiliser et agir en faveur du climat. Pour les PME, c&#8217;est une opportunit\u00e9 de s&#8217;engager concr\u00e8tement dans la transition \u00e9cologique et de construire un avenir plus durable.<\/p>\n","protected":false},"excerpt":{"rendered":"<p>La Fresque du Climat : Comprendre et Agir pour un Avenir Durable Qu&#8217;est-ce que la Fresque du Climat ? La Fresque du Climat est un atelier ludique et collaboratif qui permet de mieux comprendre les enjeux du changement climatique. Bas\u00e9 sur les rapports du GIEC (Groupe d&#8217;experts intergouvernemental sur l&#8217;\u00e9volution du climat), il utilise un &hellip; <\/p>\n<p class=\"link-more\"><a href=\"https:\/\/acsens-rse.fr\/index.php\/fresque-du-climat\/\" class=\"more-link\">Read more<span class=\"screen-reader-text\"> &#8220;Fresque du climat&#8221;<\/span><\/a><\/p>\n","protected":false},"author":1,"featured_media":0,"parent":0,"menu_order":0,"comment_status":"closed","ping_status":"closed","template":"","meta":{"footnotes":""},"class_list":["post-77","page","type-page","status-publish","hentry"],"_links":{"self":[{"href":"https:\/\/acsens-rse.fr\/index.php\/wp-json\/wp\/v2\/pages\/77","targetHints":{"allow":["GET"]}}],"collection":[{"href":"https:\/\/acsens-rse.fr\/index.php\/wp-json\/wp\/v2\/pages"}],"about":[{"href":"https:\/\/acsens-rse.fr\/index.php\/wp-json\/wp\/v2\/types\/page"}],"author":[{"embeddable":true,"href":"https:\/\/acsens-rse.fr\/index.php\/wp-json\/wp\/v2\/users\/1"}],"replies":[{"embeddable":true,"href":"https:\/\/acsens-rse.fr\/index.php\/wp-json\/wp\/v2\/comments?post=77"}],"version-history":[{"count":2,"href":"https:\/\/acsens-rse.fr\/index.php\/wp-json\/wp\/v2\/pages\/77\/revisions"}],"predecessor-version":[{"id":114,"href":"https:\/\/acsens-rse.fr\/index.php\/wp-json\/wp\/v2\/pages\/77\/revisions\/114"}],"wp:attachment":[{"href":"https:\/\/acsens-rse.fr\/index.php\/wp-json\/wp\/v2\/media?parent=77"}],"curies":[{"name":"wp","href":"https:\/\/api.w.org\/{rel}","templated":true}]}}