{"id":80,"date":"2025-03-01T18:16:16","date_gmt":"2025-03-01T17:16:16","guid":{"rendered":"https:\/\/acsens-rse.fr\/?page_id=80"},"modified":"2025-03-01T20:39:13","modified_gmt":"2025-03-01T19:39:13","slug":"fresque-de-leconomie-circulaire","status":"publish","type":"page","link":"https:\/\/acsens-rse.fr\/index.php\/fresque-de-leconomie-circulaire\/","title":{"rendered":"Fresque de l&#8217;\u00e9conomie circulaire"},"content":{"rendered":"\n<figure class=\"wp-block-image size-full\"><img loading=\"lazy\" decoding=\"async\" width=\"95\" height=\"114\" src=\"http:\/\/acsens-rse.fr\/wp-content\/uploads\/2025\/03\/FEC.png\" alt=\"\" class=\"wp-image-142\"\/><\/figure>\n\n\n\n<p><strong>La Fresque de l&#8217;\u00c9conomie Circulaire : Un outil pour transformer votre mod\u00e8le \u00e9conomique<\/strong><\/p>\n\n\n\n<p><strong>Qu&#8217;est-ce que la Fresque de l&#8217;\u00c9conomie Circulaire ?<\/strong><\/p>\n\n\n\n<p>La Fresque de l&#8217;\u00c9conomie Circulaire est un atelier collaboratif qui permet de comprendre les principes et les enjeux de l&#8217;\u00e9conomie circulaire. \u00c0 travers un jeu de cartes et des \u00e9changes, les participants d\u00e9couvrent comment passer d&#8217;un mod\u00e8le \u00e9conomique lin\u00e9aire (extraire, produire, consommer, jeter) \u00e0 un mod\u00e8le circulaire, plus respectueux de l&#8217;environnement et des ressources.<\/p>\n\n\n\n<p><strong>Comment se d\u00e9roule un atelier ?<\/strong><\/p>\n\n\n\n<ul class=\"wp-block-list\">\n<li><strong>D\u00e9couverte des concepts :<\/strong> Les participants explorent les diff\u00e9rentes strat\u00e9gies de l&#8217;\u00e9conomie circulaire (\u00e9coconception, \u00e9conomie de la fonctionnalit\u00e9, r\u00e9emploi, recyclage, etc.).<\/li>\n\n\n\n<li><strong>Identification des liens :<\/strong> Ils mettent en \u00e9vidence les liens entre ces strat\u00e9gies et leurs impacts sur l&#8217;environnement, l&#8217;\u00e9conomie et la soci\u00e9t\u00e9.<\/li>\n\n\n\n<li><strong>R\u00e9flexion et action :<\/strong> Ils r\u00e9fl\u00e9chissent aux opportunit\u00e9s d&#8217;appliquer les principes de l&#8217;\u00e9conomie circulaire \u00e0 leur propre activit\u00e9.<\/li>\n<\/ul>\n\n\n\n<p><strong>L&#8217;int\u00e9r\u00eat de la Fresque de l&#8217;\u00c9conomie Circulaire pour les PME<\/strong><\/p>\n\n\n\n<p>Pour les PME, la Fresque de l&#8217;\u00c9conomie Circulaire offre de nombreux avantages :<\/p>\n\n\n\n<ul class=\"wp-block-list\">\n<li><strong>Compr\u00e9hension des enjeux :<\/strong> Elle permet de mieux comprendre les enjeux de l&#8217;\u00e9conomie circulaire et les opportunit\u00e9s qu&#8217;elle repr\u00e9sente.<\/li>\n\n\n\n<li><strong>Identification de pistes d&#8217;action :<\/strong> Elle aide \u00e0 identifier des actions concr\u00e8tes pour int\u00e9grer les principes de l&#8217;\u00e9conomie circulaire dans la strat\u00e9gie de l&#8217;entreprise.<\/li>\n\n\n\n<li><strong>Innovation et comp\u00e9titivit\u00e9 :<\/strong> Elle stimule l&#8217;innovation en encourageant le d\u00e9veloppement de nouveaux produits et services plus durables.<\/li>\n\n\n\n<li><strong>R\u00e9duction des co\u00fbts :<\/strong> Elle permet de r\u00e9duire les co\u00fbts li\u00e9s \u00e0 la gestion des d\u00e9chets et \u00e0 la consommation de mati\u00e8res premi\u00e8res.<\/li>\n\n\n\n<li><strong>Valorisation de l&#8217;image :<\/strong> Elle renforce l&#8217;image de l&#8217;entreprise en tant qu&#8217;acteur engag\u00e9 dans la transition \u00e9cologique.<\/li>\n<\/ul>\n\n\n\n<p><strong>Pourquoi se faire accompagner ?<\/strong><\/p>\n\n\n\n<p>Un consultant RSE peut animer l&#8217;atelier, apporter son expertise sur les enjeux de l&#8217;\u00e9conomie circulaire et accompagner la PME dans la mise en \u0153uvre de sa d\u00e9marche. Il peut \u00e9galement l&#8217;aider \u00e0 identifier les financements et les partenariats possibles.<\/p>\n\n\n\n<p>La Fresque de l&#8217;\u00c9conomie Circulaire est un outil pr\u00e9cieux pour les PME qui souhaitent s&#8217;engager dans la transition \u00e9cologique et transformer leur mod\u00e8le \u00e9conomique. Elle permet de comprendre les enjeux, d&#8217;identifier des pistes d&#8217;action et de renforcer la comp\u00e9titivit\u00e9 de l&#8217;entreprise.<\/p>\n","protected":false},"excerpt":{"rendered":"<p>La Fresque de l&#8217;\u00c9conomie Circulaire : Un outil pour transformer votre mod\u00e8le \u00e9conomique Qu&#8217;est-ce que la Fresque de l&#8217;\u00c9conomie Circulaire ? La Fresque de l&#8217;\u00c9conomie Circulaire est un atelier collaboratif qui permet de comprendre les principes et les enjeux de l&#8217;\u00e9conomie circulaire. \u00c0 travers un jeu de cartes et des \u00e9changes, les participants d\u00e9couvrent comment &hellip; <\/p>\n<p class=\"link-more\"><a href=\"https:\/\/acsens-rse.fr\/index.php\/fresque-de-leconomie-circulaire\/\" class=\"more-link\">Read more<span class=\"screen-reader-text\"> &#8220;Fresque de l&#8217;\u00e9conomie circulaire&#8221;<\/span><\/a><\/p>\n","protected":false},"author":1,"featured_media":0,"parent":0,"menu_order":0,"comment_status":"closed","ping_status":"closed","template":"","meta":{"footnotes":""},"class_list":["post-80","page","type-page","status-publish","hentry"],"_links":{"self":[{"href":"https:\/\/acsens-rse.fr\/index.php\/wp-json\/wp\/v2\/pages\/80","targetHints":{"allow":["GET"]}}],"collection":[{"href":"https:\/\/acsens-rse.fr\/index.php\/wp-json\/wp\/v2\/pages"}],"about":[{"href":"https:\/\/acsens-rse.fr\/index.php\/wp-json\/wp\/v2\/types\/page"}],"author":[{"embeddable":true,"href":"https:\/\/acsens-rse.fr\/index.php\/wp-json\/wp\/v2\/users\/1"}],"replies":[{"embeddable":true,"href":"https:\/\/acsens-rse.fr\/index.php\/wp-json\/wp\/v2\/comments?post=80"}],"version-history":[{"count":4,"href":"https:\/\/acsens-rse.fr\/index.php\/wp-json\/wp\/v2\/pages\/80\/revisions"}],"predecessor-version":[{"id":146,"href":"https:\/\/acsens-rse.fr\/index.php\/wp-json\/wp\/v2\/pages\/80\/revisions\/146"}],"wp:attachment":[{"href":"https:\/\/acsens-rse.fr\/index.php\/wp-json\/wp\/v2\/media?parent=80"}],"curies":[{"name":"wp","href":"https:\/\/api.w.org\/{rel}","templated":true}]}}