{"id":89,"date":"2025-03-01T18:18:05","date_gmt":"2025-03-01T17:18:05","guid":{"rendered":"https:\/\/acsens-rse.fr\/?page_id=89"},"modified":"2025-03-01T20:10:30","modified_gmt":"2025-03-01T19:10:30","slug":"organisation-de-conference","status":"publish","type":"page","link":"https:\/\/acsens-rse.fr\/index.php\/organisation-de-conference\/","title":{"rendered":"Organisation de conf\u00e9rences"},"content":{"rendered":"\n<p><strong>Conf\u00e9rences RSE : S&#8217;informer, \u00c9changer et Agir pour un Avenir Durable<\/strong><\/p>\n\n\n\n<p><strong>Qu&#8217;est-ce qu&#8217;une Conf\u00e9rence RSE ?<\/strong><\/p>\n\n\n\n<p>Une conf\u00e9rence RSE est un \u00e9v\u00e9nement qui rassemble des experts, des entreprises et des acteurs engag\u00e9s pour \u00e9changer sur les enjeux de la responsabilit\u00e9 soci\u00e9tale des entreprises. Elle permet de s&#8217;informer sur les derni\u00e8res tendances, de partager des exp\u00e9riences et de trouver des solutions pour acc\u00e9l\u00e9rer la transition durable.<\/p>\n\n\n\n<p><strong>Comment se d\u00e9roule une Conf\u00e9rence RSE ?<\/strong><\/p>\n\n\n\n<ul class=\"wp-block-list\">\n<li><strong>Pr\u00e9paration :<\/strong>\n<ul class=\"wp-block-list\">\n<li>D\u00e9finition du th\u00e8me et des objectifs de la conf\u00e9rence.<\/li>\n\n\n\n<li>S\u00e9lection des intervenants et des experts.<\/li>\n\n\n\n<li>\u00c9laboration du programme et de la logistique.<\/li>\n<\/ul>\n<\/li>\n\n\n\n<li><strong>D\u00e9roulement :<\/strong>\n<ul class=\"wp-block-list\">\n<li>Pr\u00e9sentations d&#8217;experts et de t\u00e9moignages d&#8217;entreprises.<\/li>\n\n\n\n<li>Tables rondes et d\u00e9bats interactifs.<\/li>\n\n\n\n<li>Ateliers th\u00e9matiques et networking.<\/li>\n<\/ul>\n<\/li>\n\n\n\n<li><strong>Suivi :<\/strong>\n<ul class=\"wp-block-list\">\n<li>Diffusion des contenus et des enseignements de la conf\u00e9rence.<\/li>\n\n\n\n<li>Mise en place d&#8217;actions concr\u00e8tes.<\/li>\n<\/ul>\n<\/li>\n<\/ul>\n\n\n\n<p><strong>L&#8217;int\u00e9r\u00eat des Conf\u00e9rences RSE pour les PME<\/strong><\/p>\n\n\n\n<p>Pour les PME, les conf\u00e9rences RSE offrent de nombreux avantages :<\/p>\n\n\n\n<ul class=\"wp-block-list\">\n<li><strong>Veille et information :<\/strong> Se tenir inform\u00e9 des derni\u00e8res tendances et des meilleures pratiques en mati\u00e8re de RSE.<\/li>\n\n\n\n<li><strong>Inspiration et motivation :<\/strong> D\u00e9couvrir des exemples inspirants et des t\u00e9moignages d&#8217;entreprises engag\u00e9es.<\/li>\n\n\n\n<li><strong>R\u00e9seautage et partenariats :<\/strong> \u00c9changer avec des experts, des entreprises et d&#8217;autres acteurs engag\u00e9s.<\/li>\n\n\n\n<li><strong>Mont\u00e9e en comp\u00e9tences :<\/strong> Acqu\u00e9rir de nouvelles connaissances et comp\u00e9tences en mati\u00e8re de RSE.<\/li>\n\n\n\n<li><strong>Visibilit\u00e9 et communication :<\/strong> Valoriser son engagement RSE et renforcer son image de marque.<\/li>\n\n\n\n<li><strong>Aide \u00e0 la mise en oeuvre:<\/strong> Permettre de mieux comprendre les enjeux et de se lancer plus facilement dans la mise en place d&#8217;actions concr\u00e8tes.<\/li>\n<\/ul>\n\n\n\n<p><strong>Pourquoi se faire accompagner ?<\/strong><\/p>\n\n\n\n<p>Un consultant RSE peut :<\/p>\n\n\n\n<ul class=\"wp-block-list\">\n<li>Concevoir et organiser la conf\u00e9rence.<\/li>\n\n\n\n<li>Identifier et mobiliser les intervenants et les experts.<\/li>\n\n\n\n<li>Animer les d\u00e9bats et les ateliers.<\/li>\n\n\n\n<li>Assurer la communication et la promotion de l&#8217;\u00e9v\u00e9nement.<\/li>\n\n\n\n<li>Faciliter le suivi et la mise en \u0153uvre des actions identifi\u00e9es.<\/li>\n<\/ul>\n\n\n\n<p>Les conf\u00e9rences RSE sont un outil pr\u00e9cieux pour sensibiliser, informer et mobiliser les PME autour des enjeux du d\u00e9veloppement durable. Elles permettent de s&#8217;inspirer des meilleures pratiques, d&#8217;\u00e9changer avec des experts et de renforcer l&#8217;engagement des entreprises.<\/p>\n","protected":false},"excerpt":{"rendered":"<p>Conf\u00e9rences RSE : S&#8217;informer, \u00c9changer et Agir pour un Avenir Durable Qu&#8217;est-ce qu&#8217;une Conf\u00e9rence RSE ? Une conf\u00e9rence RSE est un \u00e9v\u00e9nement qui rassemble des experts, des entreprises et des acteurs engag\u00e9s pour \u00e9changer sur les enjeux de la responsabilit\u00e9 soci\u00e9tale des entreprises. Elle permet de s&#8217;informer sur les derni\u00e8res tendances, de partager des exp\u00e9riences &hellip; <\/p>\n<p class=\"link-more\"><a href=\"https:\/\/acsens-rse.fr\/index.php\/organisation-de-conference\/\" class=\"more-link\">Read more<span class=\"screen-reader-text\"> &#8220;Organisation de conf\u00e9rences&#8221;<\/span><\/a><\/p>\n","protected":false},"author":1,"featured_media":0,"parent":0,"menu_order":0,"comment_status":"closed","ping_status":"closed","template":"","meta":{"footnotes":""},"class_list":["post-89","page","type-page","status-publish","hentry"],"_links":{"self":[{"href":"https:\/\/acsens-rse.fr\/index.php\/wp-json\/wp\/v2\/pages\/89","targetHints":{"allow":["GET"]}}],"collection":[{"href":"https:\/\/acsens-rse.fr\/index.php\/wp-json\/wp\/v2\/pages"}],"about":[{"href":"https:\/\/acsens-rse.fr\/index.php\/wp-json\/wp\/v2\/types\/page"}],"author":[{"embeddable":true,"href":"https:\/\/acsens-rse.fr\/index.php\/wp-json\/wp\/v2\/users\/1"}],"replies":[{"embeddable":true,"href":"https:\/\/acsens-rse.fr\/index.php\/wp-json\/wp\/v2\/comments?post=89"}],"version-history":[{"count":3,"href":"https:\/\/acsens-rse.fr\/index.php\/wp-json\/wp\/v2\/pages\/89\/revisions"}],"predecessor-version":[{"id":129,"href":"https:\/\/acsens-rse.fr\/index.php\/wp-json\/wp\/v2\/pages\/89\/revisions\/129"}],"wp:attachment":[{"href":"https:\/\/acsens-rse.fr\/index.php\/wp-json\/wp\/v2\/media?parent=89"}],"curies":[{"name":"wp","href":"https:\/\/api.w.org\/{rel}","templated":true}]}}